{"id":6357,"date":"2021-09-27T18:58:40","date_gmt":"2021-09-27T18:58:40","guid":{"rendered":"http:\/\/transformance.org.br\/?page_id=6357"},"modified":"2026-04-10T08:01:15","modified_gmt":"2026-04-10T08:01:15","slug":"as-castanheiras-lembram","status":"publish","type":"page","link":"http:\/\/transformance.org.br\/en\/as-castanheiras-lembram\/","title":{"rendered":"The Brazil Nut Trees Remember..."},"content":{"rendered":"<div class=\"brz-root__container brz-reset-all brz brz-root__container-page\">\n<section id=\"698109c185bf7642dd65_zftweuqbkkbhjhpauzhcdhsaobmjxitkkbnv\" class=\"brz-section brz-css-qx7hj9 brz-css-ehawrq\">\n<div class=\"brz-section__content brz-section--boxed brz-css-135ud7d brz-css-1kljm0i\" data-brz-custom-id=\"hiallzojstyvgemubwtxdsypjkyntulsqvvd\">\n<div class=\"brz-bg\">\n<div class=\"brz-bg-color\"><\/div>\n<\/div>\n<div class=\"brz-container brz-css-1plpl62\">\n<div class=\"brz-row__container brz-css-1ajwkbr\" data-brz-custom-id=\"qwnaqxlsubdercmunhglqtqsapomoeahpjup\">\n<div class=\"brz-bg\"><\/div>\n<div class=\"brz-row brz-css-np08gl brz-css-1uhg8tj\">\n<div class=\"brz-columns brz-css-19k4h9u brz-css-rlomnn\" data-brz-custom-id=\"fxeobxsuoiigodpphnwhnqvnreqallqyjvep\">\n<div class=\"brz-bg\"><\/div>\n<div class=\"brz-column__items brz-css-1uzew3x brz-css-msa91z\">\n<div id=\"\" class=\"brz-css-12s54ra brz-css-127wne1 brz-wrapper\">\n<div class=\"brz-image brz-css-p6v7dd brz-css-1fv4v9j\" data-brz-custom-id=\"zdsyxlkoauvdidncmzonhlgxvbnmyalplwxx\"><img decoding=\"async\" class=\"brz-img\" src=\"https:\/\/redeabra.org.br\/wp-content\/uploads\/brizy\/imgs\/EdC-1999-10-624x424x29x0x565x424x1741795189.jpg\" alt=\"\" loading=\"lazy\"><\/div>\n<\/div>\n<\/div>\n<\/div>\n<div class=\"brz-columns brz-css-19k4h9u brz-css-1odirsj\" data-brz-custom-id=\"zcyrozbzlynwamzncyfckuxqwzjmxztbwara\">\n<div class=\"brz-bg\"><\/div>\n<div class=\"brz-column__items brz-css-1uzew3x brz-css-1611qu\">\n<div id=\"\" class=\"brz-css-12s54ra brz-css-i9u248 brz-wrapper\">\n<div class=\"brz-wp-title brz-css-1denjoe brz-css-9c3sfz\" data-brz-custom-id=\"xrgsrgzqzplhbrrfwuxpzluemdlsrsdhhtps\"><span class=\"brz-wp-title-content\" style=\"min-height:20px\">The Brazil Nut Trees Remember...<\/span><\/div>\n<\/div>\n<div id=\"\" class=\"brz-css-12s54ra brz-css-hfz48l brz-wrapper\">\n<div class=\"brz-line brz-line-default brz-css-p5z5uo brz-css-hxv1qo\" data-brz-custom-id=\"uzvjwdjvfrxlkzemicfathkfpyglmgfpumip\">\n<hr class=\"brz-hr\"><\/div>\n<\/div>\n<div id=\"\" class=\"brz-css-12s54ra brz-wrapper\">\n<div class=\"brz-rich-text brz-rich-text__custom brz-css-1j8sk6u\" data-brz-custom-id=\"yancflggmbktdrydfyngiftqqwyroupetaoz\">\n<div data-brz-translate-text=\"1\">\n<p class=\"brz-tp-lg-paragraph brz-css-bWk3o\" data-uniq-id=\"hofnl\" data-generated-css=\"brz-css-mqyjm\"><strong>The Brazil Nut Trees Remember...<\/strong><span class=\"brz-cp-color8\"> reune narrativas audiovisuais e fotogr\u00e1ficas sobre a constru\u00e7\u00e3o das duas edi\u00e7\u00f5es do monumento <\/span><strong class=\"brz-cp-color8\">The Eldorado dos Caraj\u00e1s Nut Trees<\/strong><span class=\"brz-cp-color8\">, e viv\u00eancias de forma\u00e7\u00e3o art\u00edstica e cultural que acontecem dentro do pr\u00f3prio monumento, para proteger o local do Massacre de Eldorado dos Caraj\u00e1s (17 de Abril de 1996), na Curva do S, Sudeste, como territ\u00f3rio do direito \u00e0 mem\u00f3ria e \u00e0 justi\u00e7a socioambiental, e de forma\u00e7\u00e3o de comunidades &#8216;bem viver&#8217;.&nbsp;As narrativas oferecem contextos e recursos eco-pedag\u00f3gicos para um novo Projeto (Se Calarmos, as Pedras Gritar\u00e3o), a terceira edi\u00e7\u00e3o do Monumento, no limiar entre Ecoc\u00eddio e Bem Viver.<\/span><\/p>\n<\/div>\n<\/div>\n<\/div>\n<\/div>\n<\/div>\n<\/div>\n<\/div>\n<\/div>\n<\/div>\n<\/section>\n<section id=\"223f4426a370314b17a9_mkljmowukakltkflyxoqobtqupdsolblbhca\" class=\"brz-section brz-css-qx7hj9\">\n<div class=\"brz-section__content brz-section--boxed brz-css-135ud7d brz-css-1d66h6g\" data-brz-custom-id=\"irxbwxgpzkbqlyjbclinvlwdrrrcabqlhbzb\">\n<div class=\"brz-bg\">\n<div class=\"brz-bg-color\"><\/div>\n<\/div>\n<div class=\"brz-container brz-css-1plpl62\">\n<div id=\"\" class=\"brz-css-12s54ra brz-css-157wwxj brz-css-dn87hq brz-wrapper\">\n<div class=\"brz-posts brz-css-1ht5y3l\" data-brz-custom-id=\"oqztosnsqyvamzllindyyupwsyquzowntyft\">\n<div class=\"brz-posts__wrapper\">\n<div class=\"brz-posts__item\">\n<div class=\"brz-columns brz-css-19k4h9u brz-css-1k58dig\" data-brz-custom-id=\"dbwbjelbqqvgjlwefjegydbiwqduzavaoftm\">\n<div class=\"brz-bg\"><\/div>\n<div class=\"brz-column__items brz-css-1uzew3x\">\n<div id=\"\" class=\"brz-css-12s54ra brz-wrapper\">\n<div class=\"brz-image brz-css-f82i6g brz-css-emkl9r\" data-brz-custom-id=\"vyfxfcqbkdbfxvbghxozvngpskvjnzztwela\"><a class=\"brz-a\" href=\"https:\/\/redeabra.org.br\/arquivo-edc-1999\/\" target=\"_self\" rel=\"noopener\" data-brz-link-type=\"external\"><img decoding=\"async\" class=\"brz-img\" src=\"https:\/\/redeabra.org.br\/wp-content\/uploads\/brizy\/imgs\/EdC-1999-80-401x270x20x0x360x270x1741795189.jpg\" alt=\"\" loading=\"lazy\"><\/a><\/div>\n<\/div>\n<div id=\"\" class=\"brz-css-12s54ra brz-wrapper\">\n<div class=\"brz-wp-title brz-css-1denjoe brz-css-1ghixai brz-css-1pjbmvs\" data-brz-custom-id=\"dhpsqoyttwwxjumswixqpcyuneqyjhsclljs\"><a class=\"brz-a\" href=\"https:\/\/redeabra.org.br\/arquivo-edc-1999\/\" target=\"_self\" rel=\"noopener\" data-brz-link-type=\"external\"><span class=\"brz-wp-title-content\" style=\"min-height:20px\">The Brazil Nut Trees Remember - Archive 1999<\/span><\/a><\/div>\n<\/div>\n<\/div>\n<\/div>\n<\/div>\n<div class=\"brz-posts__item\">\n<div class=\"brz-columns brz-css-19k4h9u brz-css-1k58dig\" data-brz-custom-id=\"dbwbjelbqqvgjlwefjegydbiwqduzavaoftm\">\n<div class=\"brz-bg\"><\/div>\n<div class=\"brz-column__items brz-css-1uzew3x\">\n<div id=\"\" class=\"brz-css-12s54ra brz-wrapper\">\n<div class=\"brz-image brz-css-f82i6g brz-css-emkl9r\" data-brz-custom-id=\"vyfxfcqbkdbfxvbghxozvngpskvjnzztwela\"><a class=\"brz-a\" href=\"https:\/\/redeabra.org.br\/arquivo-edc-2006\/\" target=\"_self\" rel=\"noopener\" data-brz-link-type=\"external\"><img decoding=\"async\" class=\"brz-img\" src=\"https:\/\/redeabra.org.br\/wp-content\/uploads\/brizy\/imgs\/Agosto-Setembro-2006-360x270x0x0x360x270x1741795192.jpg\" alt=\"\" loading=\"lazy\"><\/a><\/div>\n<\/div>\n<div id=\"\" class=\"brz-css-12s54ra brz-wrapper\">\n<div class=\"brz-wp-title brz-css-1denjoe brz-css-1ghixai brz-css-1pjbmvs\" data-brz-custom-id=\"dhpsqoyttwwxjumswixqpcyuneqyjhsclljs\"><a class=\"brz-a\" href=\"https:\/\/redeabra.org.br\/arquivo-edc-2006\/\" target=\"_self\" rel=\"noopener\" data-brz-link-type=\"external\"><span class=\"brz-wp-title-content\" style=\"min-height:20px\">The Brazil Nut Trees Remember - Archive 2006<\/span><\/a><\/div>\n<\/div>\n<\/div>\n<\/div>\n<\/div>\n<div class=\"brz-posts__item\">\n<div class=\"brz-columns brz-css-19k4h9u brz-css-1k58dig\" data-brz-custom-id=\"dbwbjelbqqvgjlwefjegydbiwqduzavaoftm\">\n<div class=\"brz-bg\"><\/div>\n<div class=\"brz-column__items brz-css-1uzew3x\">\n<div id=\"\" class=\"brz-css-12s54ra brz-wrapper\">\n<div class=\"brz-image brz-css-f82i6g brz-css-emkl9r\" data-brz-custom-id=\"vyfxfcqbkdbfxvbghxozvngpskvjnzztwela\"><a class=\"brz-a\" href=\"https:\/\/redeabra.org.br\/arquivo-2006-21\/\" target=\"_self\" rel=\"noopener\" data-brz-link-type=\"external\"><img decoding=\"async\" class=\"brz-img\" src=\"https:\/\/redeabra.org.br\/wp-content\/uploads\/brizy\/imgs\/AfroRaiz-ocupa-a-pista-na-Curva-do-S-360x270x0x0x360x270x1741795191.jpg\" alt=\"\" loading=\"lazy\"><\/a><\/div>\n<\/div>\n<div id=\"\" class=\"brz-css-12s54ra brz-wrapper\">\n<div class=\"brz-wp-title brz-css-1denjoe brz-css-1ghixai brz-css-1pjbmvs\" data-brz-custom-id=\"dhpsqoyttwwxjumswixqpcyuneqyjhsclljs\"><a class=\"brz-a\" href=\"https:\/\/redeabra.org.br\/arquivo-2006-21\/\" target=\"_self\" rel=\"noopener\" data-brz-link-type=\"external\"><span class=\"brz-wp-title-content\" style=\"min-height:20px\">The Brazil Nut Trees Remember - Archive 2006-21<\/span><\/a><\/div>\n<\/div>\n<\/div>\n<\/div>\n<\/div>\n<\/div>\n<\/div>\n<\/div>\n<div class=\"brz-row__container brz-css-1ajwkbr\" data-brz-custom-id=\"gaqbuadsldussibaannzktygwgoiwenyxluo\">\n<div class=\"brz-bg\"><\/div>\n<div class=\"brz-row brz-css-np08gl brz-css-1qpb0aa\">\n<div class=\"brz-columns brz-css-19k4h9u brz-css-lkfpaf\" data-brz-custom-id=\"bwanfethfhpfgsnfubmwbggnoeapxlsfjzkb\">\n<div class=\"brz-bg\"><\/div>\n<div class=\"brz-column__items brz-css-1uzew3x\"><\/div>\n<\/div>\n<div class=\"brz-columns brz-css-19k4h9u brz-css-11aw7qq\" data-brz-custom-id=\"gmtrpasmwlhgbbbvouguuqqtffjndnksystw\">\n<div class=\"brz-bg\"><\/div>\n<div class=\"brz-column__items brz-css-1uzew3x\"><\/div>\n<\/div>\n<div class=\"brz-columns brz-css-19k4h9u brz-css-t3msw1\" data-brz-custom-id=\"hadfzvxdgrkstkfnzayivjohhkklcongmvnb\">\n<div class=\"brz-bg\"><\/div>\n<div class=\"brz-column__items brz-css-1uzew3x\">\n<div class=\"brz-wrapper-clone brz-css-1ktq2d4\">\n<div class=\"brz-d-xs-flex brz-flex-xs-wrap brz-css-7yi590\" data-brz-custom-id=\"\">\n<div class=\"brz-wrapper-clone__item\" id=\"tomtibpmtgmaimbiwprdzjyxvehxrdxstfnj\"><a class=\"brz-a brz-btn brz-css-10km5xa brz-css-3rf98e\" href=\"https:\/\/transformance.org.br\/wp-content\/uploads\/2021\/09\/Desenvolvendo-a-proposta-com-o-MST-Alfabetizacao-Cultural-2004.pdf\" target=\"_blank\" rel=\"noopener\" data-brz-link-type=\"external\" data-brz-custom-id=\"tomtibpmtgmaimbiwprdzjyxvehxrdxstfnj\"><span data-brz-translate-text=\"1\" class=\"brz-span brz-text__editor\">MST Propose<\/span><\/a><\/div>\n<\/div>\n<\/div>\n<\/div>\n<\/div>\n<\/div>\n<\/div>\n<\/div>\n<\/div>\n<\/section>\n<section id=\"0b353e33f885a9df130b_kuiqfspfymclhuyobpjnwimnopsuxsxjrdox\" class=\"brz-section brz-css-qx7hj9\">\n<div class=\"brz-section__content brz-section--boxed brz-css-135ud7d brz-css-8u4xrf\" data-brz-custom-id=\"enodhgzbpiprsnxegihtzyevyzxlmnkqciov\">\n<div class=\"brz-bg\">\n<div class=\"brz-bg-color\"><\/div>\n<\/div>\n<div class=\"brz-container brz-css-1plpl62\">\n<div id=\"\" class=\"brz-css-12s54ra brz-wrapper\">\n<div class=\"brz-image brz-css-5aeq91 brz-css-1o6kpgr\" data-brz-custom-id=\"sloxqmfpimdlauxerygvjeweryazktkhunpq\"><img decoding=\"async\" class=\"brz-img\" src=\"https:\/\/redeabra.org.br\/wp-content\/uploads\/brizy\/imgs\/logo_preamar-400x76x0x0x400x76x1741795188.png\" alt=\"\" loading=\"lazy\"><\/div>\n<\/div>\n<\/div>\n<\/div>\n<\/section>\n<\/div>\n<p>    <!-- version:1743452458 --><\/p>","protected":false},"excerpt":{"rendered":"<p>As Castanheiras Lembram&#8230; As Castanheiras Lembram&#8230; reune narrativas audiovisuais e fotogr\u00e1ficas sobre a constru\u00e7\u00e3o das duas edi\u00e7\u00f5es do monumento As Castanheiras de Eldorado dos Caraj\u00e1s, e viv\u00eancias de forma\u00e7\u00e3o art\u00edstica e cultural que acontecem dentro do pr\u00f3prio monumento, para proteger o local do Massacre de Eldorado dos Caraj\u00e1s (17 de Abril de 1996), na Curva&hellip; <a class=\"more-link\" href=\"http:\/\/transformance.org.br\/en\/as-castanheiras-lembram\/\">Continue reading <span class=\"screen-reader-text\">The Brazil Nut Trees Remember...<\/span><\/a><\/p>","protected":false},"author":1,"featured_media":6092,"parent":0,"menu_order":0,"comment_status":"closed","ping_status":"closed","template":"brizy-blank-template.php","meta":{"_vp_format_video_url":"","_vp_image_focal_point":[],"footnotes":""},"class_list":["post-6357","page","type-page","status-publish","has-post-thumbnail","hentry","entry"],"brizy_media":[{"id":6510,"url":"http:\/\/transformance.org.br\/wp-content\/uploads\/2021\/09\/SECULT_TURISMO_GOVERNO_03.png","name":"SECULT_TURISMO_GOVERNO_03.png","meta":{"brizy_attachment_uid":"wp-aef4d30dfd56910e6b5dbcabb5b14dd5.png","brizy_post_uid":["a9dc4a8ca1caa07e7f3c8781eef23a64"]}},{"id":6546,"url":"http:\/\/transformance.org.br\/wp-content\/uploads\/2021\/09\/SECULT_TURISMO_GOVERNO_04.png","name":"SECULT_TURISMO_GOVERNO_04.png","meta":{"brizy_attachment_uid":"wp-3bf0e0b4d5155ac8685ae8266e72e492.png","brizy_post_uid":["a9dc4a8ca1caa07e7f3c8781eef23a64"]}},{"id":7463,"url":"http:\/\/transformance.org.br\/wp-content\/uploads\/2021\/10\/logo_preamar.png","name":"logo_preamar.png","meta":{"brizy_attachment_uid":"wp-31cf051f700f1944a2bfd5c523f39308.png","brizy_post_uid":["a9dc4a8ca1caa07e7f3c8781eef23a64"]}}],"_links":{"self":[{"href":"http:\/\/transformance.org.br\/en\/wp-json\/wp\/v2\/pages\/6357","targetHints":{"allow":["GET"]}}],"collection":[{"href":"http:\/\/transformance.org.br\/en\/wp-json\/wp\/v2\/pages"}],"about":[{"href":"http:\/\/transformance.org.br\/en\/wp-json\/wp\/v2\/types\/page"}],"author":[{"embeddable":true,"href":"http:\/\/transformance.org.br\/en\/wp-json\/wp\/v2\/users\/1"}],"replies":[{"embeddable":true,"href":"http:\/\/transformance.org.br\/en\/wp-json\/wp\/v2\/comments?post=6357"}],"version-history":[{"count":30,"href":"http:\/\/transformance.org.br\/en\/wp-json\/wp\/v2\/pages\/6357\/revisions"}],"predecessor-version":[{"id":8100,"href":"http:\/\/transformance.org.br\/en\/wp-json\/wp\/v2\/pages\/6357\/revisions\/8100"}],"wp:featuredmedia":[{"embeddable":true,"href":"http:\/\/transformance.org.br\/en\/wp-json\/wp\/v2\/media\/6092"}],"wp:attachment":[{"href":"http:\/\/transformance.org.br\/en\/wp-json\/wp\/v2\/media?parent=6357"}],"curies":[{"name":"wp","href":"https:\/\/api.w.org\/{rel}","templated":true}]}}