{"id":5711,"date":"2021-06-25T20:24:28","date_gmt":"2021-06-25T20:24:28","guid":{"rendered":"http:\/\/transformance.org.br\/?page_id=5711"},"modified":"2026-05-05T20:16:12","modified_gmt":"2026-05-05T20:16:12","slug":"manutencao","status":"publish","type":"page","link":"https:\/\/transformance.org.br\/en\/","title":{"rendered":"Manuten\u00e7\u00e3o"},"content":{"rendered":"<div class=\"brz brz-root__container brz-reset-all brz-root__container-page\">\n<section id=\"header\" data-brz-id=\"c17c95db3f2b11c0cdbd_aqtamndmckefsgpnjyenjigowsdntoutqipv\" class=\"brz-section brz-css-ea8hfd brz-css-11le5jz\">\n<div class=\"brz-section__content brz-section--boxed brz-css-11xhq0m brz-css-l75is0\" data-brz-custom-id=\"khnuitwxaekkbasoflifvchfpoqetlbflhjv\">\n<div class=\"brz-bg\">\n<div class=\"brz-bg-shape brz-bg-shape__top\"><\/div>\n<\/div>\n<div class=\"brz-container brz-css-1nmlubu brz-css-10w2voe\">\n<div class=\"brz-row__container brz-css-1rrqc1n brz-css-111qvw7\" data-brz-custom-id=\"imosnzommbjowtemmzkzpqiemjzawruzuljq\">\n<div class=\"brz-bg\">\n<div class=\"brz-bg-color\"><\/div>\n<\/div>\n<div class=\"brz-row brz-css-1h7lvok brz-css-mc5vio\">\n<div class=\"brz-columns brz-css-jsbdnd brz-css-1bxojpv\" data-brz-custom-id=\"qrhtcbazjeraujaontdhkizyspzlvhefmtlb\">\n<div class=\"brz-column__items brz-css-14eepen brz-css-irc8wd\">\n<div id=\"\" class=\"brz-css-4vp7ft brz-css-161veot brz-wrapper\">\n<div class=\"brz-image brz-css-1oz4lwv brz-css-1ojbdn\" data-brz-custom-id=\"zwolrjvfzhpapsmziylhzgokjhuxtvuzcdit\"><a class=\"brz-a\" href=\"https:\/\/transformance.org.br\/\" target=\"_self\" rel=\"noopener\" data-brz-link-type=\"external\"><img decoding=\"async\" class=\"brz-img\" src=\"http:\/\/transformance.org.br\/wp-content\/uploads\/2021\/06\/logo.png?v=1639241589\" alt=\"\" title=\"logo\" loading=\"lazy\"><\/a><\/div>\n<\/div>\n<\/div>\n<\/div>\n<div class=\"brz-columns brz-css-jsbdnd brz-css-fi8gph\" data-brz-custom-id=\"lmcwkvargfqarrxjgbnbvxlfapoixumorjiy\">\n<div class=\"brz-column__items brz-css-14eepen brz-css-1u8t2bd\">\n<div class=\"brz-row__container brz-css-1rrqc1n brz-css-i2djwp\" data-brz-custom-id=\"rlpfcgmudtkgduaxxiesaqxbdrcngxkysvaj\">\n<div class=\"brz-row brz-row--inner brz-css-1h7lvok brz-css-9u0agc\">\n<div class=\"brz-columns brz-css-jsbdnd brz-css-fav4w1\" data-brz-custom-id=\"dqommtmtxmrzakhjydwlxciacbehlhtscwkg\">\n<div class=\"brz-column__items brz-css-14eepen brz-css-stnjyf\">\n<div id=\"\" class=\"brz-css-4vp7ft brz-css-ahoau5 brz-wrapper\">\n<div class=\"brz-rich-text brz-rich-text__custom brz-css-19apcaz brz-css-r1taz7\" data-brz-custom-id=\"jbdweqaptcfugmtwwrghfxowyxbjzatyybeb\">\n<div data-brz-translate-text=\"1\">\n<h6 data-generated-css=\"brz-css-enfor\" data-uniq-id=\"qbeyi\" class=\"brz-tp-lg-heading6 brz-mb-lg-10 brz-css-eHoVG\"><strong class=\"brz-cp-color1\">Navegue por alguns de nossos projetos:<\/strong><\/h6>\n<\/div>\n<\/div>\n<\/div>\n<\/div>\n<\/div>\n<div class=\"brz-columns brz-css-jsbdnd brz-css-o71jz7\" data-brz-custom-id=\"hcaxrilfrvtdtefkpelefszvnvjepcdujqth\">\n<div class=\"brz-column__items brz-css-14eepen brz-css-1hc5e1z\">\n<div id=\"\" class=\"brz-css-4vp7ft brz-css-xe3noe brz-wrapper\">\n<div class=\"brz-menu__container brz-css-1aacmqe brz-css-1m51hq6\" data-brz-custom-id=\"jhgvzqrsghwefzkgqqrsrlugqvwiqdrgobbh\">\n<nav data-mods=\"%7B%22desktop%22%3A%22horizontal%22%2C%22tablet%22%3A%22horizontal%22%2C%22mobile%22%3A%22horizontal%22%7D\" class=\"brz-menu brz-menu__preview brz-css-ayfzp brz-css-1r73z7i\">\n<ul class=\"brz-menu__ul\" data-menu-items-active=\"\">\n<li data-menu-item-id=\"484700ad2987eb5f3b1433c5257cea4b\" class=\"brz-menu__item trp-language-switcher-container menu-item menu-item-type-post_type menu-item-object-language_switcher\"><a class=\"brz-a\" target=\"\" href=\"https:\/\/transformance.org.br\/wp-admin\/admin-ajax.php?action=brizy_update_item&#038;version=326-wp&#038;hash=5e330c3554\" title=\"\"><span class=\"brz-span\"><span data-no-translation><span class=\"trp-ls-language-name\">PT<\/span><\/span><\/span><\/a><\/li>\n<li data-menu-item-id=\"2d32c2d9d93fd35300578ce4cad3fb26\" class=\"brz-menu__item trp-language-switcher-container menu-item menu-item-type-post_type menu-item-object-language_switcher\"><a class=\"brz-a\" target=\"\" href=\"https:\/\/transformance.org.br\/wp-admin\/admin-ajax.php?action=brizy_update_item&#038;version=326-wp&#038;hash=5e330c3554\" title=\"\"><span class=\"brz-span\"><span data-no-translation><span class=\"trp-ls-language-name\">EN<\/span><\/span><\/span><\/a><\/li>\n<\/ul>\n<\/nav>\n<\/div>\n<\/div>\n<\/div>\n<\/div>\n<\/div>\n<\/div>\n<div id=\"\" class=\"brz-css-4vp7ft brz-css-1sohed3 brz-wrapper\">\n<div class=\"brz-menu__container brz-css-1aacmqe brz-css-1cd5slb\" data-brz-custom-id=\"wxtxgwqlmjxnhmuglkkggjotqdrulvdntmzc\">\n<nav data-mods=\"%7B%22desktop%22%3A%22horizontal%22%2C%22tablet%22%3A%22horizontal%22%2C%22mobile%22%3A%22horizontal%22%7D\" class=\"brz-menu brz-menu__preview brz-css-ayfzp brz-css-mddjt\">\n<ul class=\"brz-menu__ul\" data-menu-items-active=\"\">\n<li data-menu-item-id=\"cfe09f518a2aa94d0cd321a0d3504a8f\" class=\"brz-menu__item menu-item menu-item-type-post_type menu-item-object-post\"><a class=\"brz-a\" target=\"\" href=\"https:\/\/transformance.org.br\/amazonia-sem-molduras\/\" title=\"\"><span class=\"brz-span\">Amaz\u00f4nia Sem Molduras<\/span><\/a><\/li>\n<li data-menu-item-id=\"a2591e525e938b7b19ca590b77ad5e57\" class=\"brz-menu__item menu-item menu-item-type-post_type menu-item-object-post\"><a class=\"brz-a\" target=\"\" href=\"https:\/\/transformance.org.br\/folhas-da-vida\/\" title=\"\"><span class=\"brz-span\">Leaves of Life Library<\/span><\/a><\/li>\n<li data-menu-item-id=\"bec42455c17254fabf50f1abbbf4f619\" class=\"brz-menu__item menu-item menu-item-type-post_type menu-item-object-page\"><a class=\"brz-a\" target=\"\" href=\"https:\/\/transformance.org.br\/as-castanheiras-lembram\/\" title=\"\"><span class=\"brz-span\">The Brazil Nut Trees Remember...<\/span><\/a><\/li>\n<\/ul>\n<\/nav>\n<\/div>\n<\/div>\n<\/div>\n<\/div>\n<\/div>\n<\/div>\n<\/div>\n<\/div>\n<\/section>\n<section id=\"7276f4fa1bc15762ef1c_yztxdracjgybakxevbuouqsvfmqqoelmaynh\" class=\"brz-section brz-css-1dpp2vk brz-css-r4lcv9\">\n<div class=\"brz-section__content brz-section--boxed brz-css-1kmrr6m brz-css-nznukl\" data-brz-custom-id=\"jsmcmjsddlfatxminabndebzodnyikysthwy\">\n<div class=\"brz-container brz-css-1lj1qe9 brz-css-1y13ng8\">\n<div id=\"\" class=\"brz-css-10cxzpa brz-css-1od5ijc brz-wrapper\">\n<div class=\"brz-rich-text brz-rich-text__custom brz-css-1m1w6y6 brz-css-1evywtp\" data-brz-custom-id=\"esiqlshvrzurotfqvehrozekxvbqwshuuyme\">\n<div data-brz-translate-text=\"1\">\n<p class=\"brz-fw-xs-900 brz-text-lg-center brz-fw-sm-900 brz-tp-heading2 brz-css-mjf3c\"><span class=\"brz-cp-color8\">We are renewing our site<\/span><\/p>\n<\/div>\n<\/div>\n<\/div>\n<div id=\"\" class=\"brz-css-10cxzpa brz-css-9l11j5 brz-wrapper\">\n<div class=\"brz-rich-text brz-rich-text__custom brz-css-1m1w6y6 brz-css-2eopp4\" data-brz-custom-id=\"hsoiiyrwponsdhvffsqfqubonnaeugzenxgv\">\n<div data-brz-translate-text=\"1\">\n<p class=\"brz-text-lg-center brz-tp-heading6 brz-css-vyuQz\"><span class=\"brz-cp-color8\">Se voc\u00ea quiser se comunicar com a gente, por favor escreva para<\/span><\/p>\n<\/div>\n<\/div>\n<\/div>\n<div id=\"\" class=\"brz-css-10cxzpa brz-css-fefsmo brz-wrapper\">\n<div class=\"brz-rich-text brz-rich-text__custom brz-css-1m1w6y6 brz-css-o5mrac\" data-brz-custom-id=\"lbtqiroyjaxvbiivwtkeixdxvaqmpwgbhmgc\">\n<div data-brz-translate-text=\"1\">\n<p class=\"brz-tp-subtitle brz-text-lg-center brz-css-zLTKk\"><a class=\"link--external\" href=\"\/\/institutotransformance@gmail.com\" data-brz-link-type=\"external\" target=\"_blank\">institutotransformance@gmail.com<\/a><\/p>\n<\/div>\n<\/div>\n<\/div>\n<div id=\"\" class=\"brz-css-10cxzpa brz-css-1qfl72f brz-wrapper\">\n<div class=\"brz-video brz-youtube-video brz-video-on-controls-hidden brz-css-skhjtr brz-css-z0owgr\" data-brz-custom-id=\"ibrkifpukakeozlsovndvzqbfpdnujpallii\">\n<div class=\"brz-video-content\" data-loop=\"false\" data-muted=\"false\" data-autoplay=\"off\">\n<div class=\"video-wrapper brz-image-fix-16-9\">\n<div class=\"brz-video-data brz-hidden\" data-src=\"https:\/\/www.youtube.com\/embed\/2_Xmfq8E1mo?autoplay=1&amp;controls=1&amp;start=0&amp;end=0&amp;modestbranding=0&amp;wmode=transparent&amp;enablejsapi=1&amp;loop=0&amp;rel=0&amp;mute=0\" data-population=\"\" data-controls=\"true\" data-branding=\"true\" data-intro=\"true\" data-start=\"0\" data-end=\"0\" data-loop=\"false\" data-autoplay=\"off\"><\/div>\n<div class=\"brz-video__cover\">\n<div class=\"brz-video__cover-icon\"><span class=\"brz-span\"><\/span><\/div>\n<\/div>\n<\/div>\n<\/div>\n<\/div>\n<\/div>\n<div id=\"\" class=\"brz-css-10cxzpa brz-css-9uxmue brz-wrapper\">\n<div class=\"brz-rich-text brz-rich-text__custom brz-css-1m1w6y6 brz-css-zo42s4\" data-brz-custom-id=\"azenlhbfvyvivhzqhwjjvypltkickuqlgnxr\">\n<div data-brz-translate-text=\"1\">\n<p class=\"brz-tp-lg-subtitle brz-text-lg-center brz-css-hRpiz\" data-generated-css=\"brz-css-gvvuo\" data-uniq-id=\"jrowk\"><span class=\"brz-cp-color8\">No seu sexto espet\u00e1culo da Cia AfroMundi, a solista-core\u00f3grafa Camylla Alves e o diretor art\u00edstico\/eco-pedag\u00f3go Dan Baron criam uma performance sem piscar em tempos de pandemia, inteiramente por meio do Zoom, para perguntar: Em uma Amaz\u00f4nia que j\u00e1 est\u00e1 emitindo mais gases de carbono e tossindo rios voadores de cinzas, a esperan\u00e7a e a utopia ainda s\u00e3o poss\u00edveis? Numa sala de cimento com janela gradeada, olhando para o fim do mundo, AfroMundi responde&#8230;<\/span><\/p>\n<\/div>\n<\/div>\n<\/div>\n<\/div>\n<\/div>\n<\/section>\n<section id=\"footer\" data-brz-id=\"981eb5c9cf67c553c755_vniviltmofcyywvsvpqqjzgedrhszctozryv\" class=\"brz-section brz-css-t6m46n brz-css-o6jx3l\">\n<div class=\"brz-section__content brz-section--boxed brz-css-13i1bxa brz-css-cwtxbv\" data-brz-custom-id=\"kasgxncqdxxrvgpasnjdgsarmocoiuauvybu\">\n<div class=\"brz-bg\">\n<div class=\"brz-bg-shape brz-bg-shape__bottom\"><\/div>\n<\/div>\n<div class=\"brz-container brz-css-1f8szvx brz-css-1bsvbb\">\n<div class=\"brz-row__container brz-css-1p3nisx brz-css-hzh5\" data-brz-custom-id=\"onvuwezurcbeygjjvddyuqxxvnrchylnkkzp\">\n<div class=\"brz-row brz-css-h1eyjw brz-css-p22y5l\">\n<div class=\"brz-columns brz-css-ts8t7s brz-css-1ueriz\" data-brz-custom-id=\"rjkbzkiqjawvmfxemqsusonfadxjuqgjlygu\">\n<div class=\"brz-column__items brz-css-htf3xx brz-css-1o2pl11\">\n<div id=\"\" class=\"brz-css-1ml0yhv brz-css-90oe9m brz-wrapper\">\n<div class=\"brz-image brz-css-e5hf32 brz-css-kvd6tl\" data-brz-custom-id=\"otuksadhrjwgfuyoooigxlbksgoqsegqomiz\"><a class=\"brz-a\" href=\"https:\/\/transformance.org.br\/\" target=\"_self\" rel=\"noopener\" data-brz-link-type=\"external\"><img decoding=\"async\" class=\"brz-img\" src=\"http:\/\/transformance.org.br\/wp-content\/uploads\/2021\/06\/logo.png?v=1639241589\" alt=\"\" title=\"logo\" loading=\"lazy\"><\/a><\/div>\n<\/div>\n<\/div>\n<\/div>\n<div class=\"brz-columns brz-css-ts8t7s brz-css-1lztzwf\" data-brz-custom-id=\"fjleixbylcgxkahltgwdfilhkwacxthvbyrb\">\n<div class=\"brz-bg\">\n<div class=\"brz-bg-color\"><\/div>\n<\/div>\n<div class=\"brz-column__items brz-css-htf3xx brz-css-11ewznt\">\n<div id=\"\" class=\"brz-css-1ml0yhv brz-css-nhig3q brz-wrapper\">\n<div class=\"brz-menu__container brz-css-47a5ws brz-css-1u5yf4v\" data-brz-custom-id=\"iaaeqgdeuniuyvefhjtytcbwknrzblebgfty\">\n<nav data-mods=\"%7B%22desktop%22%3A%22horizontal%22%2C%22tablet%22%3A%22horizontal%22%2C%22mobile%22%3A%22horizontal%22%7D\" class=\"brz-menu brz-menu__preview brz-css-1ne6bcx brz-css-1m0g9ck\">\n<ul class=\"brz-menu__ul\" data-menu-items-active=\"\">\n<li data-menu-item-id=\"cfe09f518a2aa94d0cd321a0d3504a8f\" class=\"brz-menu__item menu-item menu-item-type-post_type menu-item-object-post\"><a class=\"brz-a\" target=\"\" href=\"https:\/\/transformance.org.br\/amazonia-sem-molduras\/\" title=\"\"><span class=\"brz-span\">Amaz\u00f4nia Sem Molduras<\/span><\/a><\/li>\n<li data-menu-item-id=\"a2591e525e938b7b19ca590b77ad5e57\" class=\"brz-menu__item menu-item menu-item-type-post_type menu-item-object-post\"><a class=\"brz-a\" target=\"\" href=\"https:\/\/transformance.org.br\/folhas-da-vida\/\" title=\"\"><span class=\"brz-span\">Leaves of Life Library<\/span><\/a><\/li>\n<li data-menu-item-id=\"bec42455c17254fabf50f1abbbf4f619\" class=\"brz-menu__item menu-item menu-item-type-post_type menu-item-object-page\"><a class=\"brz-a\" target=\"\" href=\"https:\/\/transformance.org.br\/as-castanheiras-lembram\/\" title=\"\"><span class=\"brz-span\">The Brazil Nut Trees Remember...<\/span><\/a><\/li>\n<\/ul>\n<\/nav>\n<\/div>\n<\/div>\n<div class=\"brz-row__container brz-css-1p3nisx brz-css-512uuy\" data-brz-custom-id=\"njyobxpyadsvovswunopqtulbhcnqrlxqvgr\">\n<div class=\"brz-row brz-row--inner brz-css-h1eyjw brz-css-2i7h77\">\n<div class=\"brz-columns brz-css-ts8t7s brz-css-55acel\" data-brz-custom-id=\"iiggbdkrlaqarfugkpugmabkldlfdyhdoxkt\">\n<div class=\"brz-column__items brz-css-htf3xx brz-css-h708bs\">\n<div class=\"brz-wrapper-clone brz-flex-xs-wrap brz-css-f3cwo3 brz-css-1t4uxql\" data-brz-custom-id=\"lknajofymqwzxjimtmuoddlooqfhpfhcchxq\">\n<div class=\"brz-icon__container\" data-brz-custom-id=\"afjaaokcaavafrdmekzsbafodtnaexinmlxd\"><a class=\"brz-a\" href=\"#\" target=\"_blank\" rel=\"noopener\" data-brz-link-type=\"external\"><span class=\"brz-icon brz-span brz-css-18xz2ib brz-css-kzohzg\"><\/span><\/a><\/div>\n<div class=\"brz-icon__container\" data-brz-custom-id=\"foqdwrkcvpvzsjmuzqiqpaiijwbufupaygsy\"><a class=\"brz-a\" href=\"#\" target=\"_blank\" rel=\"noopener\" data-brz-link-type=\"external\"><span class=\"brz-icon brz-span brz-css-18xz2ib brz-css-1wvzndk\"><\/span><\/a><\/div>\n<div class=\"brz-icon__container\" data-brz-custom-id=\"etdqsrawhnfxqiuzntrzguptrtxozzryhkwi\"><a class=\"brz-a\" href=\"#\" target=\"_blank\" rel=\"noopener\" data-brz-link-type=\"external\"><span class=\"brz-icon brz-span brz-css-18xz2ib brz-css-qwzhpf\"><\/span><\/a><\/div>\n<\/div>\n<\/div>\n<\/div>\n<\/div>\n<\/div>\n<\/div>\n<\/div>\n<\/div>\n<\/div>\n<div class=\"brz-row__container brz-css-1p3nisx brz-css-1fks8ps\" data-brz-custom-id=\"tqweggutdvkvnfjzuvdvlbtcaglnxbekanvk\">\n<div class=\"brz-bg\">\n<div class=\"brz-bg-color\"><\/div>\n<\/div>\n<div class=\"brz-row brz-css-h1eyjw brz-css-1qpyfa8\">\n<div class=\"brz-columns brz-css-ts8t7s brz-css-1gqfx00\" data-brz-custom-id=\"qdywdzwnydnbbcznjykhczunxsmzupgvcbih\">\n<div class=\"brz-column__items brz-css-htf3xx brz-css-1jwblya\">\n<div id=\"\" class=\"brz-css-1ml0yhv brz-css-1lgd32o brz-wrapper\">\n<div class=\"brz-rich-text brz-rich-text__custom brz-css-166vpxc brz-css-14ltnx0\" data-brz-custom-id=\"kysrzwvshyemftbykhncfqmutepwcvflorth\">\n<div data-brz-translate-text=\"1\">\n<p class=\"brz-tp-lg-povihngildinsflcpphrbzuryjwlxfetkmpf brz-text-lg-center brz-fss-xs-px brz-fw-xs-300 brz-ls-xs-0 brz-lh-xs-1_6 brz-tp-xs-empty brz-fs-xs-12 brz-css-mzG4f\" data-uniq-id=\"yfilz\" data-generated-css=\"brz-css-mtjii\">\u00a9 Todos os diretos reservados &#8211; Instituto Transformance: Cultura &amp; Educa\u00e7\u00e3o. Imagens autorizadas para fins n\u00e3o comerciais.<\/p>\n<\/div>\n<\/div>\n<\/div>\n<\/div>\n<\/div>\n<\/div>\n<\/div>\n<\/div>\n<\/div>\n<\/section><\/div>\n<p><!-- version:1755024906 --><\/p>","protected":false},"excerpt":{"rendered":"<p>Navegue por alguns de nossos projetos: PT EN Amaz\u00f4nia Sem Molduras Biblioteca Folhas da Vida As Castanheiras Lembram\u2026 Estamos renovando nosso site Se voc\u00ea quiser se comunicar com a gente, por favor escreva para institutotransformance@gmail.com No seu sexto espet\u00e1culo da Cia AfroMundi, a solista-core\u00f3grafa Camylla Alves e o diretor art\u00edstico\/eco-pedag\u00f3go Dan Baron criam uma performance&hellip; <a class=\"more-link\" href=\"https:\/\/transformance.org.br\/en\/\">Continue reading <span class=\"screen-reader-text\">Manuten\u00e7\u00e3o<\/span><\/a><\/p>","protected":false},"author":1,"featured_media":0,"parent":0,"menu_order":0,"comment_status":"closed","ping_status":"closed","template":"brizy-blank-template.php","meta":{"_vp_format_video_url":"","_vp_image_focal_point":[],"footnotes":""},"class_list":["post-5711","page","type-page","status-publish","hentry","entry"],"brizy_media":[{"id":8123,"url":"https:\/\/transformance.org.br\/wp-content\/uploads\/2025\/08\/videoframe_1192608.png","name":"videoframe_1192608.png","meta":{"brizy_attachment_uid":"wp-7188860e47c49044693451ba0f2ea2d9.png","brizy_post_uid":["ffb7722e91bf9e29afb6a041f7058e6b"]}}],"_links":{"self":[{"href":"https:\/\/transformance.org.br\/en\/wp-json\/wp\/v2\/pages\/5711","targetHints":{"allow":["GET"]}}],"collection":[{"href":"https:\/\/transformance.org.br\/en\/wp-json\/wp\/v2\/pages"}],"about":[{"href":"https:\/\/transformance.org.br\/en\/wp-json\/wp\/v2\/types\/page"}],"author":[{"embeddable":true,"href":"https:\/\/transformance.org.br\/en\/wp-json\/wp\/v2\/users\/1"}],"replies":[{"embeddable":true,"href":"https:\/\/transformance.org.br\/en\/wp-json\/wp\/v2\/comments?post=5711"}],"version-history":[{"count":27,"href":"https:\/\/transformance.org.br\/en\/wp-json\/wp\/v2\/pages\/5711\/revisions"}],"predecessor-version":[{"id":8124,"href":"https:\/\/transformance.org.br\/en\/wp-json\/wp\/v2\/pages\/5711\/revisions\/8124"}],"wp:attachment":[{"href":"https:\/\/transformance.org.br\/en\/wp-json\/wp\/v2\/media?parent=5711"}],"curies":[{"name":"wp","href":"https:\/\/api.w.org\/{rel}","templated":true}]}}